{"id":449,"date":"2024-07-07T14:44:40","date_gmt":"2024-07-07T14:44:40","guid":{"rendered":"https:\/\/geridavins.com\/aviso-legal\/"},"modified":"2024-07-14T16:22:00","modified_gmt":"2024-07-14T16:22:00","slug":"aviso-legal","status":"publish","type":"page","link":"https:\/\/geridavins.com\/es\/aviso-legal\/","title":{"rendered":"Aviso legal"},"content":{"rendered":"<header class=\"entry-header \">\n<p class=\"entry-title\"><span style=\"font-size: 16px;\">Esta p\u00e1gina Web es propiedad de GERIDA VITICULTORS SL &#8211; B55748933<\/span><\/p>\n<\/header>\n<div class=\"entry-content clear\">\n<p>Para cualquier pregunta o propuesta, contacten en el e-mail: info@geridavins.cat<\/p>\n<p>Esta p\u00e1gina Web se rige por la normativa exclusivamente aplicable a Espa\u00f1a, quedando sometida a ella, tanto nacionales como extranjeros que utilicen esta Web.<\/p>\n<p>El acceso a nuestra p\u00e1gina Web por parte del USUARIO es gratuito y est\u00e1 condicionado a la previa lectura y aceptaci\u00f3n integra, expresa y sin reservas de las presentes CONDICIONES GENERALES DE USO vigentes en el momento del acceso, que rogamos que lea detalladamente. El USUARIO en el momento en que utiliza nuestro portal, contenidos o servicios, acepta y se somete expresamente a las condiciones generales de uso del mismo. Si el usuario no estuviera de acuerdo con estas condiciones de uso, deber\u00e1 abstenerse de utilizar este portal y operar por medio del mismo.<\/p>\n<p>En cualquier momento podemos modificar la presentaci\u00f3n y configuraci\u00f3n de nuestro Web, ampliar o reducir servicios, o incluso suprimirlo de la Red, as\u00ed como los servicios y contenidos prestados, de forma unilateral y sin previos abuelos.<\/p>\n<p><strong>A. PROPIEDAD INTELECTUAL<\/strong><\/p>\n<p>Todos los contenidos, textos, im\u00e1genes, marcas y c\u00f3digos fuente, son de nuestra propiedad o de terceros a quienes se les han adquirido sus derechos de explotaci\u00f3n, y est\u00e1n protegidos por los derechos de Propiedad Intelectual e Industrial.<\/p>\n<p>El usuario \u00fanicamente tiene derecho a un uso privado de \u00e9stos, sin \u00e1nimo de lucro, y necesita autorizaci\u00f3n expresa para modificarlos, reproducirlos, explotarlos, distribuirlos o ejercer cualquier derecho propiedad de su titular.<\/p>\n<p><strong>B. CONDICIONES DE ACCESO<\/strong><\/p>\n<p>El acceso a nuestra p\u00e1gina Web es gratuito y no exige previa suscripci\u00f3n o registro.<\/p>\n<p>El env\u00edo de datos personales, implica la aceptaci\u00f3n expresa por parte del USUARIO de nuestra pol\u00edtica de privacidad.<\/p>\n<p>El usuario debe acceder a nuestra p\u00e1gina Web conforme a la buena fe, las normas de orden p\u00fablico y las presentes Condiciones Generales de uso. El acceso a nuestro sitio Web se realiza con la propia y exclusiva responsabilidad del usuario, que responder\u00e1 en todo caso de los da\u00f1os y perjuicios que pueda causar a terceros, oa nosotros mismos.<\/p>\n<p>Teniendo en cuenta la imposibilidad de control respecto a la informaci\u00f3n, contenidos y servicios que contengan otras p\u00e1ginas web a los que se pueda acceder a trav\u00e9s de los enlaces de nuestra p\u00e1gina web ponga a su disposici\u00f3n, le comunicamos que quedamos eximidos de cualquier responsabilidad por los da\u00f1os y perjuicios de toda clase que pudieran derivarse por utilizaci\u00f3n de estas p\u00e1ginas web, ajenas a nuestra empresa, por parte del usuario.<\/p>\n<p><strong>C. RESPONSABILIDADES<\/strong><\/p>\n<p>Al poner a disposici\u00f3n del usuario esta p\u00e1gina Web queremos ofrecerle un servicio de calidad, utilizando la m\u00e1xima diligencia en la prestaci\u00f3n del mismo, as\u00ed como en los medios tecnol\u00f3gicos empleados. Sin embargo, no respondemos de la presencia de virus y otros elementos que de alg\u00fan modo puedan da\u00f1ar el sistema inform\u00e1tico del usuario.<\/p>\n<p>No garantizamos que la disponibilidad del servicio sea continua e ininterrumpida.<\/p>\n<p>El USUARIO tiene prohibido cualquier tipo de acci\u00f3n sobre nuestro portal que origine una excesiva sobrecarga de funcionamiento en nuestros sistemas inform\u00e1ticos, as\u00ed como la introducci\u00f3n de virus, o instalaciones de robots, o software que altere el normal funcionamiento de nuestra web , o en definitiva pueda causar da\u00f1os a nuestros sistemas inform\u00e1ticos.<\/p>\n<p>El USUARIO asume toda la responsabilidad derivada del uso de nuestra p\u00e1gina web.<\/p>\n<p>El USUARIO reconoce que ha entendido toda la informaci\u00f3n respecto a las condiciones de uso de nuestro portal, y reconoce que son suficientes para la exclusi\u00f3n del error en las mismas, y por tanto, las acepta \u00edntegra y expresamente.<\/p>\n<\/div>\n","protected":false},"excerpt":{"rendered":"<p>Esta p\u00e1gina Web es propiedad de GERIDA VITICULTORS SL &#8211; B55748933 Para cualquier pregunta o propuesta, contacten en el e-mail: info@geridavins.cat Esta p\u00e1gina Web se rige por la normativa exclusivamente aplicable a Espa\u00f1a, quedando sometida a ella, tanto nacionales como extranjeros que utilicen esta Web. El acceso a nuestra p\u00e1gina Web por parte del USUARIO es gratuito y est\u00e1 condicionado a la previa lectura y aceptaci\u00f3n integra, expresa y sin reservas de las presentes CONDICIONES GENERALES DE USO vigentes en el momento del acceso, que rogamos que lea detalladamente. El USUARIO en el momento en que utiliza nuestro portal, contenidos [&hellip;]<\/p>\n","protected":false},"author":1,"featured_media":0,"parent":0,"menu_order":0,"comment_status":"closed","ping_status":"closed","template":"","meta":{"_acf_changed":false,"footnotes":""},"class_list":["post-449","page","type-page","status-publish","hentry"],"acf":[],"yoast_head":"<!-- This site is optimized with the Yoast SEO plugin v23.0 - https:\/\/yoast.com\/wordpress\/plugins\/seo\/ -->\n<title>Aviso legal - Geridavins<\/title>\n<meta name=\"robots\" content=\"index, follow, max-snippet:-1, max-image-preview:large, max-video-preview:-1\" \/>\n<link rel=\"canonical\" href=\"https:\/\/geridavins.com\/es\/aviso-legal\/\" \/>\n<meta property=\"og:locale\" content=\"es_ES\" \/>\n<meta property=\"og:type\" content=\"article\" \/>\n<meta property=\"og:title\" content=\"Aviso legal - Geridavins\" \/>\n<meta property=\"og:description\" content=\"Esta p\u00e1gina Web es propiedad de GERIDA VITICULTORS SL &#8211; B55748933 Para cualquier pregunta o propuesta, contacten en el e-mail: info@geridavins.cat Esta p\u00e1gina Web se rige por la normativa exclusivamente aplicable a Espa\u00f1a, quedando sometida a ella, tanto nacionales como extranjeros que utilicen esta Web. El acceso a nuestra p\u00e1gina Web por parte del USUARIO es gratuito y est\u00e1 condicionado a la previa lectura y aceptaci\u00f3n integra, expresa y sin reservas de las presentes CONDICIONES GENERALES DE USO vigentes en el momento del acceso, que rogamos que lea detalladamente. El USUARIO en el momento en que utiliza nuestro portal, contenidos [&hellip;]\" \/>\n<meta property=\"og:url\" content=\"https:\/\/geridavins.com\/es\/aviso-legal\/\" \/>\n<meta property=\"og:site_name\" content=\"Geridavins\" \/>\n<meta property=\"article:modified_time\" content=\"2024-07-14T16:22:00+00:00\" \/>\n<meta name=\"twitter:card\" content=\"summary_large_image\" \/>\n<meta name=\"twitter:label1\" content=\"Tiempo de lectura\" \/>\n\t<meta name=\"twitter:data1\" content=\"3 minutos\" \/>\n<script type=\"application\/ld+json\" class=\"yoast-schema-graph\">{\"@context\":\"https:\/\/schema.org\",\"@graph\":[{\"@type\":\"WebPage\",\"@id\":\"https:\/\/geridavins.com\/es\/aviso-legal\/\",\"url\":\"https:\/\/geridavins.com\/es\/aviso-legal\/\",\"name\":\"Aviso legal - Geridavins\",\"isPartOf\":{\"@id\":\"https:\/\/geridavins.com\/es\/#website\"},\"datePublished\":\"2024-07-07T14:44:40+00:00\",\"dateModified\":\"2024-07-14T16:22:00+00:00\",\"breadcrumb\":{\"@id\":\"https:\/\/geridavins.com\/es\/aviso-legal\/#breadcrumb\"},\"inLanguage\":\"es\",\"potentialAction\":[{\"@type\":\"ReadAction\",\"target\":[\"https:\/\/geridavins.com\/es\/aviso-legal\/\"]}]},{\"@type\":\"BreadcrumbList\",\"@id\":\"https:\/\/geridavins.com\/es\/aviso-legal\/#breadcrumb\",\"itemListElement\":[{\"@type\":\"ListItem\",\"position\":1,\"name\":\"Inici\",\"item\":\"https:\/\/geridavins.com\/es\/inicio\/\"},{\"@type\":\"ListItem\",\"position\":2,\"name\":\"Aviso legal\"}]},{\"@type\":\"WebSite\",\"@id\":\"https:\/\/geridavins.com\/es\/#website\",\"url\":\"https:\/\/geridavins.com\/es\/\",\"name\":\"Geridavins\",\"description\":\"Gerida Viticultors\",\"potentialAction\":[{\"@type\":\"SearchAction\",\"target\":{\"@type\":\"EntryPoint\",\"urlTemplate\":\"https:\/\/geridavins.com\/es\/?s={search_term_string}\"},\"query-input\":\"required name=search_term_string\"}],\"inLanguage\":\"es\"}]}<\/script>\n<!-- \/ Yoast SEO plugin. -->","yoast_head_json":{"title":"Aviso legal - Geridavins","robots":{"index":"index","follow":"follow","max-snippet":"max-snippet:-1","max-image-preview":"max-image-preview:large","max-video-preview":"max-video-preview:-1"},"canonical":"https:\/\/geridavins.com\/es\/aviso-legal\/","og_locale":"es_ES","og_type":"article","og_title":"Aviso legal - Geridavins","og_description":"Esta p\u00e1gina Web es propiedad de GERIDA VITICULTORS SL &#8211; B55748933 Para cualquier pregunta o propuesta, contacten en el e-mail: info@geridavins.cat Esta p\u00e1gina Web se rige por la normativa exclusivamente aplicable a Espa\u00f1a, quedando sometida a ella, tanto nacionales como extranjeros que utilicen esta Web. El acceso a nuestra p\u00e1gina Web por parte del USUARIO es gratuito y est\u00e1 condicionado a la previa lectura y aceptaci\u00f3n integra, expresa y sin reservas de las presentes CONDICIONES GENERALES DE USO vigentes en el momento del acceso, que rogamos que lea detalladamente. El USUARIO en el momento en que utiliza nuestro portal, contenidos [&hellip;]","og_url":"https:\/\/geridavins.com\/es\/aviso-legal\/","og_site_name":"Geridavins","article_modified_time":"2024-07-14T16:22:00+00:00","twitter_card":"summary_large_image","twitter_misc":{"Tiempo de lectura":"3 minutos"},"schema":{"@context":"https:\/\/schema.org","@graph":[{"@type":"WebPage","@id":"https:\/\/geridavins.com\/es\/aviso-legal\/","url":"https:\/\/geridavins.com\/es\/aviso-legal\/","name":"Aviso legal - Geridavins","isPartOf":{"@id":"https:\/\/geridavins.com\/es\/#website"},"datePublished":"2024-07-07T14:44:40+00:00","dateModified":"2024-07-14T16:22:00+00:00","breadcrumb":{"@id":"https:\/\/geridavins.com\/es\/aviso-legal\/#breadcrumb"},"inLanguage":"es","potentialAction":[{"@type":"ReadAction","target":["https:\/\/geridavins.com\/es\/aviso-legal\/"]}]},{"@type":"BreadcrumbList","@id":"https:\/\/geridavins.com\/es\/aviso-legal\/#breadcrumb","itemListElement":[{"@type":"ListItem","position":1,"name":"Inici","item":"https:\/\/geridavins.com\/es\/inicio\/"},{"@type":"ListItem","position":2,"name":"Aviso legal"}]},{"@type":"WebSite","@id":"https:\/\/geridavins.com\/es\/#website","url":"https:\/\/geridavins.com\/es\/","name":"Geridavins","description":"Gerida Viticultors","potentialAction":[{"@type":"SearchAction","target":{"@type":"EntryPoint","urlTemplate":"https:\/\/geridavins.com\/es\/?s={search_term_string}"},"query-input":"required name=search_term_string"}],"inLanguage":"es"}]}},"_links":{"self":[{"href":"https:\/\/geridavins.com\/es\/wp-json\/wp\/v2\/pages\/449","targetHints":{"allow":["GET"]}}],"collection":[{"href":"https:\/\/geridavins.com\/es\/wp-json\/wp\/v2\/pages"}],"about":[{"href":"https:\/\/geridavins.com\/es\/wp-json\/wp\/v2\/types\/page"}],"author":[{"embeddable":true,"href":"https:\/\/geridavins.com\/es\/wp-json\/wp\/v2\/users\/1"}],"replies":[{"embeddable":true,"href":"https:\/\/geridavins.com\/es\/wp-json\/wp\/v2\/comments?post=449"}],"version-history":[{"count":1,"href":"https:\/\/geridavins.com\/es\/wp-json\/wp\/v2\/pages\/449\/revisions"}],"predecessor-version":[{"id":450,"href":"https:\/\/geridavins.com\/es\/wp-json\/wp\/v2\/pages\/449\/revisions\/450"}],"wp:attachment":[{"href":"https:\/\/geridavins.com\/es\/wp-json\/wp\/v2\/media?parent=449"}],"curies":[{"name":"wp","href":"https:\/\/api.w.org\/{rel}","templated":true}]}}